{"id":472,"date":"2018-10-14T16:53:09","date_gmt":"2018-10-14T16:53:09","guid":{"rendered":"https:\/\/teamfixers.com\/formation-and-coaching\/"},"modified":"2019-02-08T18:56:41","modified_gmt":"2019-02-08T18:56:41","slug":"formation-and-coaching","status":"publish","type":"page","link":"https:\/\/teamfixers.com\/fr\/formation-and-coaching\/","title":{"rendered":"Formation and Coaching"},"content":{"rendered":"<p>[et_pb_section fb_built=\u00a0\u00bb1&Prime; fullwidth=\u00a0\u00bbon\u00a0\u00bb disabled_on=\u00a0\u00bboff|off|off\u00a0\u00bb admin_label=\u00a0\u00bbHero\u00a0\u00bb _builder_version=\u00a0\u00bb3.0.77&Prime; background_color=\u00a0\u00bb#1f1f1f\u00a0\u00bb parallax=\u00a0\u00bbon\u00a0\u00bb custom_padding=\u00a0\u00bb|||\u00a0\u00bb transparent_background=\u00a0\u00bbon\u00a0\u00bb][et_pb_fullwidth_header title=\u00a0\u00bbAteliers et coaching\u00a0\u00bb text_orientation=\u00a0\u00bbcenter\u00a0\u00bb scroll_down_icon_color=\u00a0\u00bb#ffffff\u00a0\u00bb scroll_down_icon_size=\u00a0\u00bb32px\u00a0\u00bb background_overlay_color=\u00a0\u00bbrgba(31,31,31,0.85)\u00a0\u00bb _builder_version=\u00a0\u00bb3.16&Prime; title_font=\u00a0\u00bbPlayfair Display||||\u00a0\u00bb title_text_color=\u00a0\u00bb#ffffff\u00a0\u00bb title_font_size=\u00a0\u00bb72px\u00a0\u00bb title_line_height=\u00a0\u00bb1.3em\u00a0\u00bb title_line_height_last_edited=\u00a0\u00bboff|desktop\u00a0\u00bb content_font=\u00a0\u00bbMontserrat||||\u00a0\u00bb content_text_color=\u00a0\u00bb#bfbfbf\u00a0\u00bb content_font_size=\u00a0\u00bb19px\u00a0\u00bb content_line_height=\u00a0\u00bb1.8em\u00a0\u00bb subhead_font=\u00a0\u00bbMontserrat||||\u00a0\u00bb subhead_text_color=\u00a0\u00bb#bebebe\u00a0\u00bb subhead_line_height=\u00a0\u00bb1.8em\u00a0\u00bb background_color=\u00a0\u00bbrgba(255, 255, 255, 0)\u00a0\u00bb background_image=\u00a0\u00bbhttps:\/\/teamfixers.com\/wp-content\/uploads\/2018\/08\/efficiency-consulting.jpg\u00a0\u00bb parallax=\u00a0\u00bbon\u00a0\u00bb parallax_method=\u00a0\u00bbon\u00a0\u00bb custom_padding=\u00a0\u00bb5%||5%|\u00a0\u00bb animation_style=\u00a0\u00bbzoom\u00a0\u00bb animation_duration=\u00a0\u00bb1500ms\u00a0\u00bb animation_intensity_zoom=\u00a0\u00bb4%\u00a0\u00bb button_one_text_size__hover_enabled=\u00a0\u00bboff\u00a0\u00bb button_two_text_size__hover_enabled=\u00a0\u00bboff\u00a0\u00bb button_one_text_color__hover_enabled=\u00a0\u00bboff\u00a0\u00bb button_two_text_color__hover_enabled=\u00a0\u00bboff\u00a0\u00bb button_one_border_width__hover_enabled=\u00a0\u00bboff\u00a0\u00bb button_two_border_width__hover_enabled=\u00a0\u00bboff\u00a0\u00bb button_one_border_color__hover_enabled=\u00a0\u00bboff\u00a0\u00bb button_two_border_color__hover_enabled=\u00a0\u00bboff\u00a0\u00bb button_one_border_radius__hover_enabled=\u00a0\u00bboff\u00a0\u00bb button_two_border_radius__hover_enabled=\u00a0\u00bboff\u00a0\u00bb button_one_letter_spacing__hover_enabled=\u00a0\u00bboff\u00a0\u00bb button_two_letter_spacing__hover_enabled=\u00a0\u00bboff\u00a0\u00bb button_one_bg_color__hover_enabled=\u00a0\u00bboff\u00a0\u00bb button_two_bg_color__hover_enabled=\u00a0\u00bboff\u00a0\u00bb][\/et_pb_fullwidth_header][\/et_pb_section][et_pb_section fb_built=\u00a0\u00bb1&Prime; admin_label=\u00a0\u00bbOur Story\u00a0\u00bb _builder_version=\u00a0\u00bb3.0.77&Prime; background_color=\u00a0\u00bb#ffffff\u00a0\u00bb background_position=\u00a0\u00bbtop_left\u00a0\u00bb custom_padding=\u00a0\u00bb100px|0px|100px|0px\u00a0\u00bb collapsed=\u00a0\u00bboff\u00a0\u00bb][et_pb_row custom_padding=\u00a0\u00bb|||\u00a0\u00bb custom_margin=\u00a0\u00bb|||\u00a0\u00bb background_position_1=\u00a0\u00bbtop_left\u00a0\u00bb background_position_2=\u00a0\u00bbtop_left\u00a0\u00bb background_repeat_1=\u00a0\u00bbno-repeat\u00a0\u00bb background_repeat_2=\u00a0\u00bbno-repeat\u00a0\u00bb padding_top_2=\u00a0\u00bb60px\u00a0\u00bb _builder_version=\u00a0\u00bb3.0.77&Prime; background_size=\u00a0\u00bbinitial\u00a0\u00bb background_position=\u00a0\u00bbtop_left\u00a0\u00bb background_repeat=\u00a0\u00bbrepeat\u00a0\u00bb][et_pb_column type=\u00a0\u00bb1_2&Prime; _builder_version=\u00a0\u00bb3.0.47&Prime; parallax=\u00a0\u00bboff\u00a0\u00bb parallax_method=\u00a0\u00bbon\u00a0\u00bb background_position=\u00a0\u00bbtop_left\u00a0\u00bb background_repeat=\u00a0\u00bbno-repeat\u00a0\u00bb][et_pb_image src=\u00a0\u00bbhttps:\/\/teamfixers.com\/wp-content\/uploads\/2018\/10\/training-coaching.jpg\u00a0\u00bb _builder_version=\u00a0\u00bb3.12.2&Prime;][\/et_pb_image][\/et_pb_column][et_pb_column type=\u00a0\u00bb1_2&Prime; _builder_version=\u00a0\u00bb3.0.47&Prime; padding_top=\u00a0\u00bb60px\u00a0\u00bb parallax=\u00a0\u00bboff\u00a0\u00bb parallax_method=\u00a0\u00bbon\u00a0\u00bb background_position=\u00a0\u00bbtop_left\u00a0\u00bb background_repeat=\u00a0\u00bbno-repeat\u00a0\u00bb][et_pb_text disabled_on=\u00a0\u00bbon|on|off\u00a0\u00bb _builder_version=\u00a0\u00bb3.12.2&Prime; text_font=\u00a0\u00bb||||\u00a0\u00bb text_text_color=\u00a0\u00bb#1f1f1f\u00a0\u00bb header_font=\u00a0\u00bbPlayfair Display||||\u00a0\u00bb header_text_color=\u00a0\u00bb#1f1f1f\u00a0\u00bb header_font_size=\u00a0\u00bb48px\u00a0\u00bb header_line_height=\u00a0\u00bb1.3em\u00a0\u00bb background_size=\u00a0\u00bbinitial\u00a0\u00bb background_position=\u00a0\u00bbtop_left\u00a0\u00bb background_repeat=\u00a0\u00bbrepeat\u00a0\u00bb]<\/p>\n<h1>Formation et Coaching<\/h1>\n<p>[\/et_pb_text][et_pb_text _builder_version=\u00a0\u00bb3.12.2&Prime; text_font=\u00a0\u00bbMontserrat||||\u00a0\u00bb text_text_color=\u00a0\u00bb#939393&Prime; text_font_size=\u00a0\u00bb17px\u00a0\u00bb text_line_height=\u00a0\u00bb1.8em\u00a0\u00bb header_font=\u00a0\u00bb||||\u00a0\u00bb background_size=\u00a0\u00bbinitial\u00a0\u00bb background_position=\u00a0\u00bbtop_left\u00a0\u00bb background_repeat=\u00a0\u00bbrepeat\u00a0\u00bb max_width=\u00a0\u00bb700px\u00a0\u00bb animation_style=\u00a0\u00bbslide\u00a0\u00bb animation_direction=\u00a0\u00bbtop\u00a0\u00bb animation_intensity_slide=\u00a0\u00bb4%\u00a0\u00bb]Heureusement, il n\u2019est plus n\u00e9cessaire de lire des centaines de livres sur l\u2019efficience personnelle et de participer \u00e0 une dizaine de formations sur la gestion du temps\u2026 \u2026avant de devoir passer des heures et des heures \u00e0 tenter l\u2019impl\u00e9mentation de l\u2019appris.<\/p>\n<p>Les formateurs de la Team Management Company ont fait une bonne partie de ce travail et sont heureux de le partager avec vous. Nous avons \u00e9labor\u00e9 une s\u00e9rie de formations qui vous permettent d\u2019acqu\u00e9rir, en un minimum de temps, le savoir et le savoir-faire n\u00e9cessaires pour d\u00e9marrer votre chemin personnel vers plus de succ\u00e8s et de productivit\u00e9.[\/et_pb_text][\/et_pb_column][\/et_pb_row][\/et_pb_section][et_pb_section fb_built=\u00a0\u00bb1&Prime; admin_label=\u00a0\u00bbFresh Ingredients\u00a0\u00bb _builder_version=\u00a0\u00bb3.0.77&Prime; background_color=\u00a0\u00bb#1f1f1f\u00a0\u00bb custom_padding=\u00a0\u00bb100px|0px|50px|0px|false|false\u00a0\u00bb][et_pb_row custom_width_px=\u00a0\u00bb1774px\u00a0\u00bb custom_padding=\u00a0\u00bb27px|0px|27px|0px\u00a0\u00bb _builder_version=\u00a0\u00bb3.0.69&Prime; background_size=\u00a0\u00bbinitial\u00a0\u00bb background_position=\u00a0\u00bbtop_left\u00a0\u00bb background_repeat=\u00a0\u00bbrepeat\u00a0\u00bb][et_pb_column type=\u00a0\u00bb4_4&Prime; _builder_version=\u00a0\u00bb3.0.47&Prime; parallax=\u00a0\u00bboff\u00a0\u00bb parallax_method=\u00a0\u00bbon\u00a0\u00bb][et_pb_text _builder_version=\u00a0\u00bb3.12.2&Prime; text_font=\u00a0\u00bbMontserrat|on||on|\u00a0\u00bb text_text_color=\u00a0\u00bb#bfbfbf\u00a0\u00bb text_letter_spacing=\u00a0\u00bb2px\u00a0\u00bb text_line_height=\u00a0\u00bb1.3em\u00a0\u00bb background_size=\u00a0\u00bbinitial\u00a0\u00bb background_position=\u00a0\u00bbtop_left\u00a0\u00bb background_repeat=\u00a0\u00bbrepeat\u00a0\u00bb text_orientation=\u00a0\u00bbcenter\u00a0\u00bb module_alignment=\u00a0\u00bbcenter\u00a0\u00bb custom_margin=\u00a0\u00bb||12px|\u00a0\u00bb custom_padding=\u00a0\u00bb|||\u00a0\u00bb animation_style=\u00a0\u00bbslide\u00a0\u00bb animation_direction=\u00a0\u00bbbottom\u00a0\u00bb locked=\u00a0\u00bboff\u00a0\u00bb]Ateliers[\/et_pb_text][et_pb_divider color=\u00a0\u00bb#c39d63&Prime; divider_weight=\u00a0\u00bb3px\u00a0\u00bb disabled_on=\u00a0\u00bbon|on|off%22%22%22%22%22&Prime; _builder_version=\u00a0\u00bb3.2&Prime; max_width=\u00a0\u00bb60px\u00a0\u00bb module_alignment=\u00a0\u00bbcenter\u00a0\u00bb custom_margin=\u00a0\u00bb||10px|\u00a0\u00bb locked=\u00a0\u00bboff\u00a0\u00bb][\/et_pb_divider][et_pb_text _builder_version=\u00a0\u00bb3.12.2&Prime; text_font=\u00a0\u00bbMontserrat||||\u00a0\u00bb text_text_color=\u00a0\u00bb#939393&Prime; text_font_size=\u00a0\u00bb17px\u00a0\u00bb text_line_height=\u00a0\u00bb1.8em\u00a0\u00bb header_font=\u00a0\u00bb||||\u00a0\u00bb background_size=\u00a0\u00bbinitial\u00a0\u00bb background_position=\u00a0\u00bbtop_left\u00a0\u00bb background_repeat=\u00a0\u00bbrepeat\u00a0\u00bb text_orientation=\u00a0\u00bbcenter\u00a0\u00bb max_width=\u00a0\u00bb700px\u00a0\u00bb module_alignment=\u00a0\u00bbcenter\u00a0\u00bb animation_style=\u00a0\u00bbslide\u00a0\u00bb animation_direction=\u00a0\u00bbtop\u00a0\u00bb animation_intensity_slide=\u00a0\u00bb4%\u00a0\u00bb]L\u2019ensemble de nos formations est organis\u00e9 en inscription ouverte et peut, bien s\u00fbr, \u00e9galement \u00eatre organis\u00e9 inhouse.[\/et_pb_text][\/et_pb_column][\/et_pb_row][et_pb_row _builder_version=\u00a0\u00bb3.12.2&Prime;][et_pb_column type=\u00a0\u00bb4_4&Prime; _builder_version=\u00a0\u00bb3.12.2&Prime; parallax=\u00a0\u00bboff\u00a0\u00bb parallax_method=\u00a0\u00bbon\u00a0\u00bb][et_pb_text _builder_version=\u00a0\u00bb3.12.2&Prime;]Le point de d\u00e9part classique est notre formation \u00ab\u00a0<strong>M<\/strong>aster <strong>Y<\/strong>our <strong>T<\/strong>oDo-List\u00a9\u00a0\u00bb (MYT). Cette formation d\u2019une journ\u00e9e permet de comprendre les d\u00e9fis du travailleur du savoir et de pr\u00e9parer la mise en place du syst\u00e8me \u00e9l\u00e9gant et fiable en dehors de notre t\u00eate. Voici une s\u00e9rie de concepts cl\u00e9s et d\u2019outils transmis lors de cette formation\u00a0:<\/p>\n<ul>\n<li>Le fonctionnement de notre cerveau et pourquoi il n\u2019est pas l\u2019outil naturellement adapt\u00e9 \u00e0 organiser et r\u00e9aliser les objectifs\u00a0;<\/li>\n<li>Efficience vs. efficacit\u00e9, par o\u00f9 commencer\u00a0;<\/li>\n<li>Les diff\u00e9rentes ressources limit\u00e9es du travailleur du savoir = T.E.A.M.\u00a0;<\/li>\n<li>La structure de base de l\u2019outil MYT\u00a9\u00a0: les quatre listes\u00a0;<\/li>\n<li>Le processus de base pour l\u2019outil MYT\u00a9\u00a0: les quatre \u00e9tapes\u00a0;<\/li>\n<li>Les principes de base pour l\u2019impl\u00e9mentation, l\u2019individualisation et l\u2019am\u00e9lioration continue du syst\u00e8me.<\/li>\n<\/ul>\n<p>[\/et_pb_text][et_pb_text _builder_version=\u00a0\u00bb3.12.2&Prime;]Une premi\u00e8re formation compl\u00e9mentaire est \u00ab\u00a0<strong>M<\/strong>aster <strong>Y<\/strong>our <strong>M<\/strong>ailbox\u00a9\u00a0\u00bb (MYM). <strong>\u00a0<\/strong>Cette formation montre comment formaliser les principes de \u00ab\u00a0Master Your ToDo-List\u00a0\u00bb en utilisant Microsoft Outlook et \u00e0 regagner le contr\u00f4le sur votre boite de r\u00e9ception (et le flux de mails entrants). Il s\u2019agit d\u2019une formation pratique durant laquelle les participants apprennent \u00e0 mieux conna\u00eetre Outlook et \u00e0 le personnaliser. En sortant de cette session, le logiciel a \u00e9volu\u00e9 d\u2019une arme de distraction massive vers un couteau suisse au service de la productivit\u00e9.[\/et_pb_text][et_pb_text _builder_version=\u00a0\u00bb3.12.2&Prime;]Une deuxi\u00e8me formation compl\u00e9mentaire est \u00ab\u00a0<strong>O<\/strong>neNote <strong>T<\/strong>o <strong>T<\/strong>he <strong>R<\/strong>escue\u00a9\u00a0\u00bb (OTR). Tout comme \u00ab\u00a0Master Your Mailbox\u00a0\u00bb, cette formation offre aux participants les possibilit\u00e9s d\u2019impl\u00e9menter en temps r\u00e9el les explications et les principes sur leur propre ordinateur. L\u2019objectif de la formation est de montrer comment collecter, organiser et partager ses flux d\u2019information en utilisant Microsoft OneNote.[\/et_pb_text][\/et_pb_column][\/et_pb_row][\/et_pb_section][et_pb_section fb_built=\u00a0\u00bb1&Prime; admin_label=\u00a0\u00bbFeatures\u00a0\u00bb _builder_version=\u00a0\u00bb3.0.77&Prime; background_size=\u00a0\u00bbinitial\u00a0\u00bb background_position=\u00a0\u00bbtop_left\u00a0\u00bb custom_padding=\u00a0\u00bb50px|0px|100px|0px|false|false\u00a0\u00bb saved_tabs=\u00a0\u00bball\u00a0\u00bb collapsed=\u00a0\u00bboff\u00a0\u00bb][et_pb_row custom_padding=\u00a0\u00bb27px|0px|0|0px|false|false\u00a0\u00bb admin_label=\u00a0\u00bbrow\u00a0\u00bb _builder_version=\u00a0\u00bb3.0.69&Prime; background_size=\u00a0\u00bbinitial\u00a0\u00bb background_position=\u00a0\u00bbtop_left\u00a0\u00bb background_repeat=\u00a0\u00bbrepeat\u00a0\u00bb][et_pb_column type=\u00a0\u00bb4_4&Prime; _builder_version=\u00a0\u00bb3.0.47&Prime; parallax=\u00a0\u00bboff\u00a0\u00bb parallax_method=\u00a0\u00bbon\u00a0\u00bb][et_pb_text _builder_version=\u00a0\u00bb3.12.2&Prime; text_font=\u00a0\u00bbMontserrat|on||on|\u00a0\u00bb text_text_color=\u00a0\u00bb#bfbfbf\u00a0\u00bb text_letter_spacing=\u00a0\u00bb2px\u00a0\u00bb text_line_height=\u00a0\u00bb1.3em\u00a0\u00bb background_size=\u00a0\u00bbinitial\u00a0\u00bb background_position=\u00a0\u00bbtop_left\u00a0\u00bb background_repeat=\u00a0\u00bbrepeat\u00a0\u00bb text_orientation=\u00a0\u00bbcenter\u00a0\u00bb module_alignment=\u00a0\u00bbcenter\u00a0\u00bb custom_margin=\u00a0\u00bb||12px|\u00a0\u00bb custom_padding=\u00a0\u00bb|||\u00a0\u00bb animation_style=\u00a0\u00bbslide\u00a0\u00bb animation_direction=\u00a0\u00bbbottom\u00a0\u00bb locked=\u00a0\u00bboff\u00a0\u00bb]<\/p>\n<p>Coaching<\/p>\n<p>[\/et_pb_text][et_pb_divider color=\u00a0\u00bb#c39d63&Prime; divider_weight=\u00a0\u00bb3px\u00a0\u00bb disabled_on=\u00a0\u00bbon|on|off%22%22%22%22%22&Prime; _builder_version=\u00a0\u00bb3.12.2&Prime; max_width=\u00a0\u00bb97px\u00a0\u00bb module_alignment=\u00a0\u00bbcenter\u00a0\u00bb custom_margin=\u00a0\u00bb||10px|\u00a0\u00bb locked=\u00a0\u00bboff\u00a0\u00bb][\/et_pb_divider][\/et_pb_column][\/et_pb_row][et_pb_row custom_padding=\u00a0\u00bb26px|0px|26.2344px|0px|false|false\u00a0\u00bb _builder_version=\u00a0\u00bb3.12.2&Prime;][et_pb_column type=\u00a0\u00bb1_3&Prime; _builder_version=\u00a0\u00bb3.12.2&Prime; parallax=\u00a0\u00bboff\u00a0\u00bb parallax_method=\u00a0\u00bbon\u00a0\u00bb][\/et_pb_column][et_pb_column type=\u00a0\u00bb1_3&Prime; _builder_version=\u00a0\u00bb3.12.2&Prime; parallax=\u00a0\u00bboff\u00a0\u00bb parallax_method=\u00a0\u00bbon\u00a0\u00bb][et_pb_text _builder_version=\u00a0\u00bb3.12.2&Prime;]Pour celles et ceux qui veulent profiter d\u2019une attention particuli\u00e8re afin d\u2019acc\u00e9l\u00e9rer et am\u00e9liorer la mise en place de leur \u00ab\u00a0T.E.A.M.-Management\u00a0\u00bb, nous proposons des accompagnements individuels.<\/p>\n<p>Profitez de l\u2019exp\u00e9rience et de la connaissance de nos coachs pour peaufiner vos syst\u00e8mes et vos processus. Mettez toutes les chances de votre c\u00f4t\u00e9 pour r\u00e9ussir l\u2019impl\u00e9mentation en fixant des objectifs et en vous assurant le contr\u00f4le et le soutien de la part de nos experts.[\/et_pb_text][\/et_pb_column][et_pb_column type=\u00a0\u00bb1_3&Prime; _builder_version=\u00a0\u00bb3.12.2&Prime; parallax=\u00a0\u00bboff\u00a0\u00bb parallax_method=\u00a0\u00bbon\u00a0\u00bb][\/et_pb_column][\/et_pb_row][\/et_pb_section][et_pb_section fb_built=\u00a0\u00bb1&Prime; admin_label=\u00a0\u00bbTestominals\u00a0\u00bb _builder_version=\u00a0\u00bb3.0.77&Prime; background_color=\u00a0\u00bbrgba(0,0,0,0.03)\u00a0\u00bb background_size=\u00a0\u00bbinitial\u00a0\u00bb background_position=\u00a0\u00bbtop_left\u00a0\u00bb custom_padding=\u00a0\u00bb50px|0px|50px|0px|false|false\u00a0\u00bb saved_tabs=\u00a0\u00bball\u00a0\u00bb collapsed=\u00a0\u00bboff\u00a0\u00bb][et_pb_row custom_padding=\u00a0\u00bb27px|0px|27px|0px\u00a0\u00bb admin_label=\u00a0\u00bbrow\u00a0\u00bb _builder_version=\u00a0\u00bb3.0.69&Prime; background_size=\u00a0\u00bbinitial\u00a0\u00bb background_position=\u00a0\u00bbtop_left\u00a0\u00bb background_repeat=\u00a0\u00bbrepeat\u00a0\u00bb][et_pb_column type=\u00a0\u00bb4_4&Prime; _builder_version=\u00a0\u00bb3.0.47&Prime; parallax=\u00a0\u00bboff\u00a0\u00bb parallax_method=\u00a0\u00bbon\u00a0\u00bb][et_pb_text _builder_version=\u00a0\u00bb3.12.2&Prime; text_font=\u00a0\u00bbMontserrat|on||on|\u00a0\u00bb text_text_color=\u00a0\u00bb#bfbfbf\u00a0\u00bb text_letter_spacing=\u00a0\u00bb2px\u00a0\u00bb text_line_height=\u00a0\u00bb1.3em\u00a0\u00bb background_size=\u00a0\u00bbinitial\u00a0\u00bb background_position=\u00a0\u00bbtop_left\u00a0\u00bb background_repeat=\u00a0\u00bbrepeat\u00a0\u00bb text_orientation=\u00a0\u00bbcenter\u00a0\u00bb module_alignment=\u00a0\u00bbcenter\u00a0\u00bb custom_margin=\u00a0\u00bb||12px|\u00a0\u00bb custom_padding=\u00a0\u00bb|||\u00a0\u00bb animation_style=\u00a0\u00bbslide\u00a0\u00bb animation_direction=\u00a0\u00bbbottom\u00a0\u00bb locked=\u00a0\u00bboff\u00a0\u00bb]T\u00e9moignages<br \/>\n[\/et_pb_text][et_pb_divider color=\u00a0\u00bb#c39d63&Prime; divider_weight=\u00a0\u00bb3px\u00a0\u00bb disabled_on=\u00a0\u00bbon|on|off%22%22&Prime; _builder_version=\u00a0\u00bb3.2&Prime; max_width=\u00a0\u00bb60px\u00a0\u00bb module_alignment=\u00a0\u00bbcenter\u00a0\u00bb custom_margin=\u00a0\u00bb||10px|\u00a0\u00bb locked=\u00a0\u00bboff\u00a0\u00bb][\/et_pb_divider][et_pb_text _builder_version=\u00a0\u00bb3.0.77&Prime; text_font=\u00a0\u00bb||||\u00a0\u00bb text_text_color=\u00a0\u00bb#1f1f1f\u00a0\u00bb header_font=\u00a0\u00bbPlayfair Display||||\u00a0\u00bb header_text_align=\u00a0\u00bbcenter\u00a0\u00bb header_text_color=\u00a0\u00bb#1f1f1f\u00a0\u00bb header_font_size=\u00a0\u00bb48px\u00a0\u00bb header_line_height=\u00a0\u00bb1.3em\u00a0\u00bb background_size=\u00a0\u00bbinitial\u00a0\u00bb background_position=\u00a0\u00bbtop_left\u00a0\u00bb background_repeat=\u00a0\u00bbrepeat\u00a0\u00bb module_alignment=\u00a0\u00bbcenter\u00a0\u00bb locked=\u00a0\u00bboff\u00a0\u00bb]<\/p>\n<h1>Ce que les gens disent<\/h1>\n<p>[\/et_pb_text][\/et_pb_column][\/et_pb_row][et_pb_row _builder_version=\u00a0\u00bb3.12.2&Prime;][et_pb_column type=\u00a0\u00bb1_3&Prime; _builder_version=\u00a0\u00bb3.12.2&Prime; parallax=\u00a0\u00bboff\u00a0\u00bb parallax_method=\u00a0\u00bbon\u00a0\u00bb][et_pb_testimonial author=\u00a0\u00bbBart Niemegeers\u00a0\u00bb job_title=\u00a0\u00bbManager\u00a0\u00bb company_name=\u00a0\u00bbProhead\u00a0\u00bb portrait_url=\u00a0\u00bbhttps:\/\/teamfixers.com\/wp-content\/uploads\/2018\/10\/banim.png\u00a0\u00bb quote_icon_color=\u00a0\u00bb#e09900&Prime; quote_icon_background_color=\u00a0\u00bbrgba(0,0,0,0)\u00a0\u00bb _builder_version=\u00a0\u00bb3.12.2&Prime;]J&rsquo;utilise mon syst\u00e8me depuis des mois.<br \/>\nJ&rsquo;y crois depuis le tout premier Il y a d\u00e9j\u00e0 10 ans (quand vous travailliez encore chez Colruyt), j&rsquo;ai suivi ma premi\u00e8re formation Getting Things Done.<br \/>\nPendant des ann\u00e9es, j&rsquo;ai essay\u00e9 diff\u00e9rentes m\u00e9thodes, surtout sur papier. Beaucoup d&rsquo;entre eux sont morts plus vite que d&rsquo;autres. Mon syst\u00e8me fonctionnait \u00e0 70 %. J&rsquo;ai finalement r\u00e9ussi \u00e0 le faire fonctionner en suivant la formation MYM r\u00e9cemment. J&rsquo;utilise mon syst\u00e8me depuis des mois, ma bo\u00eete aux lettres est presque vide tous les jours.<br \/>\nLa formation MYT est devenue une formation standard pour chacun de nos ing\u00e9nieurs. D&rsquo;apr\u00e8s mon exp\u00e9rience, tout le monde est aux prises avec ce probl\u00e8me.[\/et_pb_testimonial][\/et_pb_column][et_pb_column type=\u00a0\u00bb1_3&Prime; _builder_version=\u00a0\u00bb3.12.2&Prime; parallax=\u00a0\u00bboff\u00a0\u00bb parallax_method=\u00a0\u00bbon\u00a0\u00bb][et_pb_testimonial author=\u00a0\u00bbDomien Claeys\u00a0\u00bb job_title=\u00a0\u00bbManager Accountancy Accountant &#8211; Tax consultant \u00a0\u00bb company_name=\u00a0\u00bbVandelanotte\u00a0\u00bb portrait_url=\u00a0\u00bbhttps:\/\/teamfixers.com\/wp-content\/uploads\/2018\/10\/Domien-Claeys.png\u00a0\u00bb quote_icon_color=\u00a0\u00bb#e09900&Prime; _builder_version=\u00a0\u00bb3.12.2&Prime;]Apr\u00e8s votre atelier il y a 6 mois, j&rsquo;ai imm\u00e9diatement pass\u00e9 un dimanche entier \u00e0 mettre en place mon syst\u00e8me MYT. Les premiers jours\/semaines, je me suis forc\u00e9 \u00e0 faire passer tout ce que j&rsquo;avais dans mes bo\u00eetes de r\u00e9ception \u00e0 travers le workflow. Cette op\u00e9ration est vite devenue une habitude !<br \/>\nMon syst\u00e8me MYT a d\u00e9j\u00e0 un peu \u00ab\u00a0\u00e9volu\u00e9\u00a0\u00bb pendant cette p\u00e9riode de 6 mois. Aujourd&rsquo;hui, je suis encore plus convaincu de cette fa\u00e7on de travailler que vous avez exprim\u00e9e avec tant d&rsquo;enthousiasme.<br \/>\nJ&rsquo;ai d\u00e9j\u00e0 essay\u00e9 de convaincre beaucoup de coll\u00e8gues, qui sont particuli\u00e8rement ennuy\u00e9s par ma \u00ab\u00a0liste d&rsquo;attente\u00a0\u00bb, de suivre un de vos ateliers.<\/p>\n<p>Johan, merci pour le temps suppl\u00e9mentaire ![\/et_pb_testimonial][\/et_pb_column][et_pb_column type=\u00a0\u00bb1_3&Prime; _builder_version=\u00a0\u00bb3.12.2&Prime; parallax=\u00a0\u00bboff\u00a0\u00bb parallax_method=\u00a0\u00bbon\u00a0\u00bb][et_pb_testimonial author=\u00a0\u00bbJef Schrauwen\u00a0\u00bb job_title=\u00a0\u00bbManager and Owner\u00a0\u00bb company_name=\u00a0\u00bbAtelier Schrauwen\u00a0\u00bb portrait_url=\u00a0\u00bbhttps:\/\/teamfixers.com\/wp-content\/uploads\/2018\/10\/Jef-schrauwen.png\u00a0\u00bb quote_icon_color=\u00a0\u00bb#e09900&Prime; _builder_version=\u00a0\u00bb3.12.2&Prime;]Fin 2015, j&rsquo;ai suivi l&rsquo;atelier Master Your Todo List.<\/p>\n<p>Apr\u00e8s avoir surmont\u00e9 la r\u00e9sistance initiale, l&rsquo;\u00e9tablissement des listes s&rsquo;est bien d\u00e9roul\u00e9. Mais la mise en \u0153uvre du syst\u00e8me dans mon travail quotidien a \u00e9t\u00e9 un peu moins rapide.<\/p>\n<p>En \u00e9tant coach\u00e9 individuellement par Johan, cela s&rsquo;est mieux pass\u00e9, d&rsquo;une part gr\u00e2ce \u00e0 des conseils personnalis\u00e9s et d&rsquo;autre part gr\u00e2ce au suivi qui a eu lieu toutes les deux semaines. D&rsquo;une certaine fa\u00e7on, j&rsquo;avais l&rsquo;impression de faire mes devoirs avant la session suivante. Cela m&rsquo;a donn\u00e9 suffisamment de motivation pour continuer \u00e0 travailler sur mon syst\u00e8me.[\/et_pb_testimonial][\/et_pb_column][\/et_pb_row][\/et_pb_section]<\/p>\n","protected":false},"excerpt":{"rendered":"<p>Formation et CoachingHeureusement, il n\u2019est plus n\u00e9cessaire de lire des centaines de livres sur l\u2019efficience personnelle et de participer \u00e0 une dizaine de formations sur la gestion du temps\u2026 \u2026avant de devoir passer des heures et des heures \u00e0 tenter l\u2019impl\u00e9mentation de l\u2019appris. Les formateurs de la Team Management Company ont fait une bonne partie [&hellip;]<\/p>\n","protected":false},"author":1,"featured_media":0,"parent":0,"menu_order":0,"comment_status":"closed","ping_status":"closed","template":"","meta":{"_et_pb_use_builder":"on","_et_pb_old_content":"","_et_gb_content_width":"","footnotes":""},"class_list":["post-472","page","type-page","status-publish","hentry"],"_links":{"self":[{"href":"https:\/\/teamfixers.com\/fr\/wp-json\/wp\/v2\/pages\/472","targetHints":{"allow":["GET"]}}],"collection":[{"href":"https:\/\/teamfixers.com\/fr\/wp-json\/wp\/v2\/pages"}],"about":[{"href":"https:\/\/teamfixers.com\/fr\/wp-json\/wp\/v2\/types\/page"}],"author":[{"embeddable":true,"href":"https:\/\/teamfixers.com\/fr\/wp-json\/wp\/v2\/users\/1"}],"replies":[{"embeddable":true,"href":"https:\/\/teamfixers.com\/fr\/wp-json\/wp\/v2\/comments?post=472"}],"version-history":[{"count":2,"href":"https:\/\/teamfixers.com\/fr\/wp-json\/wp\/v2\/pages\/472\/revisions"}],"predecessor-version":[{"id":628,"href":"https:\/\/teamfixers.com\/fr\/wp-json\/wp\/v2\/pages\/472\/revisions\/628"}],"wp:attachment":[{"href":"https:\/\/teamfixers.com\/fr\/wp-json\/wp\/v2\/media?parent=472"}],"curies":[{"name":"wp","href":"https:\/\/api.w.org\/{rel}","templated":true}]}}